{"id":31,"date":"2010-12-03T07:49:20","date_gmt":"2010-12-03T06:49:20","guid":{"rendered":"http:\/\/openmove.net\/elbe\/?page_id=31"},"modified":"2015-03-21T02:21:29","modified_gmt":"2015-03-21T00:21:29","slug":"spenden","status":"publish","type":"page","link":"https:\/\/pro-unterelbe.de\/?page_id=31","title":{"rendered":"Spenden gegen die Elbvertiefung"},"content":{"rendered":"<h3>Geld regiert die Welt \u2013 leider. Wir werden viel davon brauchen, um dieses unsinnige, teure Projekt noch zu verhindern. Deshalb: Spenden Sie bitte! <\/h3><p style=\"text-align: justify;\">Diejenigen, die so hartn\u00e4ckig immer wieder weitere Vertiefungen der Elbe-Fahrrinne fordern, haben offenbar trotz Wirtschaftskrise noch immer viel Geld. Sie holen es sich einfach vom Steuerzahler. Sie wollen die \u00d6ffentlichkeit verwirren und daf\u00fcr sorgen, dass Hamburg seinen Ruf als &#8222;Tor zur Welt&#8220; beh\u00e4lt \u2013 gegen alle \u00f6kologische und volkswirtschaftliche Vernunft, denn mit Wilhelmshaven gibt es l\u00e4ngst einen Tiefwasserhafen, der weniger belastend und gef\u00e4hrdend f\u00fcr die Umwelt funktioniert.<\/p>\n<table style=\"width: 85%;\" cellspacing=\"0\">\n<tbody>\n<tr>\n<th style=\"text-align: center; background: none repeat scroll 0% 0% #efd84f;\" colspan=\"2\">Spenden Sie per \u00dcberweisung!<\/th>\n<\/tr>\n<\/tbody>\n<tbody>\n<tr>\n<td>Kontoinhaber:<\/td>\n<td>G.N.U. Gesellschaft f\u00fcr Natur- und Umweltschutz e.V.<\/td>\n<\/tr>\n<tr>\n<td>Kontonummer:<\/td>\n<td>381798<\/td>\n<\/tr>\n<tr>\n<td>Bankleitzahl:<\/td>\n<td>24150001 (Stadtsparkasse Cuxhaven)<\/td>\n<\/tr>\n<tr>\n<td>Verwendungszweck:<\/td>\n<td>B\u00fcndnis gegen Elbvertiefung<\/td>\n<\/tr>\n<tr>\n<th style=\"text-align: center; background: none repeat scroll 0% 0% #efd84f;\" colspan=\"2\">Spenden Sie online mit Paypal!<\/th>\n<\/tr>\n<tr>\n<td>Einfacher geht Spenden heute nicht:<\/td>\n<td><p><a href=\"https:\/\/www.paypal.com\/cgi-bin\/webscr?cmd=_xclick&business=pro-elbe@openmove.net&currency_code=EUR&amount=5.00&return=&item_name=Spende Elbvertiefung\">F\u00fcnf Euro Spenden mit PayPal<\/a><\/p><\/td>\n<\/tr>\n<tr>\n<td style=\"text-align: justify;\" colspan=\"2\"><em>Ab einer Spende von 100 \u20ac erhalten Sie unaufgefordert eine Spendenbescheinigung, sofern Sie uns Ihre Adresse mitteilen. Bis zu diesem Betrag wird das Finanzamt den Kontoauszug anerkennen.<\/em><\/td>\n<\/tr>\n<\/tbody>\n<\/table>\n<p style=\"text-align: justify;\">Seit 2006 arbeiten wir alle ehrenamtlich und unentgeltlich. Doch f\u00fcr unsere \u00d6ffentlichkeitsarbeit, f\u00fcr Recherchen, Porto, Kopien, Drucksachen und Reisen ben\u00f6tigen wir st\u00e4ndig Gelder.<\/p>\n<p style=\"text-align: justify;\">Das <strong>Regionale B\u00fcndnis gegen Elbvertiefung<\/strong> hat zudem die Klage der Umweltschutzverb\u00e4nde Nabu und BUND gegen den Planfeststellungsbeschluss bisher mit 10.000 Euro unterst\u00fctzt\u00a0 \u2013 kompetente Anw\u00e4lte und Gutachter kosten entsprechende Honorare. Mit unseren gemeinsamen Anstrengungen haben wir erreicht, dass die Auslegung der Europ\u00e4ischen Wasserrahmenrichtlinie vom Europ\u00e4ischen Gerichtshof gepr\u00fcft wurde. Die Kosten der Klagen belaufen sich bisher bereits auf deutlich \u00fcber 100.000 Euro, die durch Spenden finanziert wurden \u2013\u00a0 anders als die Kosten der Gegenseite, die sie auf die Steuerzahler abw\u00e4lzt.<\/p>\n<p style=\"text-align: justify;\">Deshalb bitten wir erneut um Ihre Unterst\u00fctzung auf unserem erfolgreichen gemeinsamen Weg. Und haben Sie dabei keine Scheu: Auch kleine Beitr\u00e4ge helfen weiter gegen den Irrsinn an der Elbe!<\/p>\n<p>&nbsp;<\/p>\n<div class='shareinpost'><ul class=\"socialwrap row\"><li class=\"iconOnly\"><a  rel='nofollow'  target='_blank'  title='Bookmark this post : Spenden gegen die Elbvertiefung on Delicious'  href='http:\/\/delicious.com\/post?url=https%3A%2F%2Fpro-unterelbe.de%2F%3Fpage_id%3D31&amp;title=Spenden+gegen+die+Elbvertiefung'  ><img  src='https:\/\/pro-unterelbe.de\/wp-content\/plugins\/share-and-follow\/images\/blank.gif'  height='32' width='32'  class='image-32' alt='delicious'  style='background: transparent url(https:\/\/pro-unterelbe.de\/wp-content\/plugins\/share-and-follow\/default\/32\/sprite-feb-32.png) no-repeat;padding:0;margin:0;height:32px;width:32px;background-position:-231px 0px'   \/> <span class=\"head\">Bookmark on Delicious<\/span><\/a><\/li><li class=\"iconOnly\"><a  rel='nofollow'  target='_blank'  title='Digg this post : Spenden gegen die Elbvertiefung'  href='http:\/\/digg.com\/submit?url=https%3A%2F%2Fpro-unterelbe.de%2F%3Fpage_id%3D31&amp;title=Spenden+gegen+die+Elbvertiefung&amp;bodytext=Diejenigen%2C+die+so+hartn%C3%A4ckig+immer+wieder+weitere+Vertiefungen+der+Elbe-Fahrrinne+fordern%2C+haben+offenbar+trotz+Wirtschaftskrise+noch+immer+viel+Geld.+Sie+holen+es+sich+einfach+vom+Steuerzahler.+Sie+wollen+die+%C3%96ffentlichkeit+verwirren+und+daf%C3%BCr+sorgen%2C+dass+Hamburg+seinen+Ruf+als+%22Tor+zur+Welt%22+beh%C3%A4lt+%E2%80%93+gegen+al'  ><img  src='https:\/\/pro-unterelbe.de\/wp-content\/plugins\/share-and-follow\/images\/blank.gif'  height='32' width='32'  class='image-32' alt='digg'  style='background: transparent url(https:\/\/pro-unterelbe.de\/wp-content\/plugins\/share-and-follow\/default\/32\/sprite-feb-32.png) no-repeat;padding:0;margin:0;height:32px;width:32px;background-position:-297px 0px'   \/> <span class=\"head\">Digg this post<\/span><\/a><\/li><li class=\"iconOnly\"><a  rel='nofollow'  target='_blank'  title='Recommend this post : Spenden gegen die Elbvertiefung on Facebook'  href='http:\/\/www.facebook.com\/sharer.php?u=https%3A%2F%2Fpro-unterelbe.de%2F%3Fpage_id%3D31&amp;t=Spenden+gegen+die+Elbvertiefung'  ><img  src='https:\/\/pro-unterelbe.de\/wp-content\/plugins\/share-and-follow\/images\/blank.gif'  height='32' width='32'  class='image-32' alt='facebook'  style='background: transparent url(https:\/\/pro-unterelbe.de\/wp-content\/plugins\/share-and-follow\/default\/32\/sprite-feb-32.png) no-repeat;padding:0;margin:0;height:32px;width:32px;background-position:-396px 0px'   \/> <span class=\"head\">Recommend on Facebook<\/span><\/a><\/li><li class=\"iconOnly\"><a  rel='nofollow'  target='_blank'  title='Share this post : Spenden gegen die Elbvertiefung on Reddit'  href='http:\/\/www.reddit.com\/submit?url=https%3A%2F%2Fpro-unterelbe.de%2F%3Fpage_id%3D31&amp;title=Spenden+gegen+die+Elbvertiefung'  ><img  src='https:\/\/pro-unterelbe.de\/wp-content\/plugins\/share-and-follow\/images\/blank.gif'  height='32' width='32'  class='image-32' alt='reddit'  style='background: transparent url(https:\/\/pro-unterelbe.de\/wp-content\/plugins\/share-and-follow\/default\/32\/sprite-feb-32.png) no-repeat;padding:0;margin:0;height:32px;width:32px;background-position:-1749px 0px'   \/> <span class=\"head\">share via Reddit<\/span><\/a><\/li><li class=\"iconOnly\"><a  rel='nofollow'  target='_blank'  title='Share this post : Spenden gegen die Elbvertiefung with Stumblers'  href='http:\/\/www.stumbleupon.com\/submit?url=https%3A%2F%2Fpro-unterelbe.de%2F%3Fpage_id%3D31&amp;title=Spenden+gegen+die+Elbvertiefung'  ><img  src='https:\/\/pro-unterelbe.de\/wp-content\/plugins\/share-and-follow\/images\/blank.gif'  height='32' width='32'  class='image-32' alt='stumble'  style='background: transparent url(https:\/\/pro-unterelbe.de\/wp-content\/plugins\/share-and-follow\/default\/32\/sprite-feb-32.png) no-repeat;padding:0;margin:0;height:32px;width:32px;background-position:-1980px 0px'   \/> <span class=\"head\">Share with Stumblers<\/span><\/a><\/li><li class=\"iconOnly\"><a  rel='nofollow'  target='_blank'  title='Tweet this post : Spenden gegen die Elbvertiefung on Twitter'  href=\"http:\/\/twitter.com\/share?url=https%3A%2F%2Fpro-unterelbe.de%2F%3Fpage_id%3D31&amp;text=\"  ><img  src='https:\/\/pro-unterelbe.de\/wp-content\/plugins\/share-and-follow\/images\/blank.gif'  height='32' width='32'  class='image-32' alt='twitter'  style='background: transparent url(https:\/\/pro-unterelbe.de\/wp-content\/plugins\/share-and-follow\/default\/32\/sprite-feb-32.png) no-repeat;padding:0;margin:0;height:32px;width:32px;background-position:-132px -33px'   \/> <span class=\"head\">Tweet about it<\/span><\/a><\/li><li class=\"iconOnly\"><a rel=\"_self\" href=\"https:\/\/pro-unterelbe.de\/?page_id=31&feed=rss2\" title=\"Follow this post : Spenden gegen die Elbvertiefung comments\"><img loading=\"lazy\" decoding=\"async\" src=\"https:\/\/pro-unterelbe.de\/wp-content\/plugins\/share-and-follow\/images\/blank.gif\" height=\"32\"  width=\"32\" style=\"background: transparent url(https:\/\/pro-unterelbe.de\/wp-content\/plugins\/share-and-follow\/default\/32\/sprite-feb-32.png) no-repeat;padding:0;margin:0;height:32px;width:32px;background-position:-1782px 0px\" class=\"image-32\"  alt=\"rss\" \/> <span class=\"head\">Subscribe to the comments on this post<\/span><\/a><\/li><\/ul><div class=\"clean\"><\/div> <\/div>","protected":false},"excerpt":{"rendered":"<p>Geld regiert die Welt \u2013 leider. Wir werden viel davon brauchen, um dieses unsinnige, teure Projekt noch zu verhindern. Deshalb: Spenden Sie bitte! Diejenigen, die so hartn\u00e4ckig immer wieder weitere Vertiefungen der Elbe-Fahrrinne fordern, haben offenbar trotz Wirtschaftskrise noch immer<\/p>\n","protected":false},"author":3,"featured_media":0,"parent":0,"menu_order":0,"comment_status":"closed","ping_status":"open","template":"","meta":{"footnotes":""},"class_list":["post-31","page","type-page","status-publish","hentry"],"_links":{"self":[{"href":"https:\/\/pro-unterelbe.de\/index.php?rest_route=\/wp\/v2\/pages\/31","targetHints":{"allow":["GET"]}}],"collection":[{"href":"https:\/\/pro-unterelbe.de\/index.php?rest_route=\/wp\/v2\/pages"}],"about":[{"href":"https:\/\/pro-unterelbe.de\/index.php?rest_route=\/wp\/v2\/types\/page"}],"author":[{"embeddable":true,"href":"https:\/\/pro-unterelbe.de\/index.php?rest_route=\/wp\/v2\/users\/3"}],"replies":[{"embeddable":true,"href":"https:\/\/pro-unterelbe.de\/index.php?rest_route=%2Fwp%2Fv2%2Fcomments&post=31"}],"version-history":[{"count":19,"href":"https:\/\/pro-unterelbe.de\/index.php?rest_route=\/wp\/v2\/pages\/31\/revisions"}],"predecessor-version":[{"id":2450,"href":"https:\/\/pro-unterelbe.de\/index.php?rest_route=\/wp\/v2\/pages\/31\/revisions\/2450"}],"wp:attachment":[{"href":"https:\/\/pro-unterelbe.de\/index.php?rest_route=%2Fwp%2Fv2%2Fmedia&parent=31"}],"curies":[{"name":"wp","href":"https:\/\/api.w.org\/{rel}","templated":true}]}}